{"id":98,"date":"2017-03-13T22:17:32","date_gmt":"2017-03-13T21:17:32","guid":{"rendered":"http:\/\/amadeus82.fr\/?page_id=98"},"modified":"2021-08-28T07:53:28","modified_gmt":"2021-08-28T05:53:28","slug":"location-des-insturments","status":"publish","type":"page","link":"https:\/\/amadeus82.fr\/index.php\/location-des-insturments\/","title":{"rendered":"Location des instruments"},"content":{"rendered":"<p><strong>CONDITIONS<\/strong><\/p>\n<p>&#8211; Adh\u00e9sion \u00e0 l&rsquo;Association Amadeus (10 \u20ac pour l&rsquo;ann\u00e9e 2021 &#8211; 2022).<\/p>\n<p>&#8211; Location au trimestre, trois trimestres par an\u00a0; les \u00e9l\u00e8ves gardant l\u2019instrument lou\u00e9 pendant les vacances scolaires.<\/p>\n<p>&#8211; Location accord\u00e9e contre remise d&rsquo;un ch\u00e8que de caution, \u00e0 renouveler \u00e0 chaque d\u00e9but de saison. Le ch\u00e8que n&rsquo;est pas encaiss\u00e9, sauf en cas de non-restitution de l&rsquo;instrument apr\u00e8s demande de l&rsquo;Association.<\/p>\n<p>&#8211; Les consommables (anches, cordes, peaux, etc\u2026) sont \u00e0 la charge du loueur.<\/p>\n<p>&#8211; Si un instrument lou\u00e9 n\u00e9cessite r\u00e9paration, Amadeus pr\u00eate un nouvel instrument le temps de celle-ci.<\/p>\n<p>Un membre de l&rsquo;Association souhaitant acqu\u00e9rir un instrument lou\u00e9, peut en faire la demande.<\/p>\n<p><strong>ASSURANCES<\/strong><\/p>\n<p>Les instruments que loue Amadeus sont assur\u00e9s aupr\u00e8s de la Conf\u00e9d\u00e9ration Musicale de France (CMF) contre vol, bris, incendie, d\u00e9g\u00e2ts des eaux et\/ou les accidents lors des transports.<\/p>\n<p>Les membres d\u2019Amadeus peuvent \u00e9galement assurer leurs instruments personnels aupr\u00e8s de la CMF (10 \u20ac pour l&rsquo;ann\u00e9e 2021 &#8211; 2022).<\/p>\n<p>V\u00e9rifiez aupr\u00e8s de votre assurance personnelle qu&rsquo;elle couvre bien votre\u00a0instrument en cas de\u00a0sinistre tant \u00e0 votre domicile qu&rsquo;en\u00a0dehors de celui-ci.<\/p>\n<p><strong>LOCATION et CAUTIONS<\/strong><\/p>\n<p><span style=\"color: #ffffff;\">aaaaaaaaaaa\u00a0<\/span>location \/ trimestre \u00a0 \u00a0 \u00a0 \u00a0 \u00a0 \u00a0 \u00a0 \u00a0 \u00a0 \u00a0 \u00a0 \u00a0caution \/ an<\/p>\n<p>&#8211; guitare \u00a0 \u00a0 \u00a0 \u00a0 \u00a0 \u00a0 \u00a0 \u00a0 \u00a0 \u00a0 \u00a020 \u20ac \u00a0 \u00a0 \u00a0 \u00a0 \u00a0 \u00a0 \u00a0 \u00a0 \u00a0 \u00a0 \u00a0 \u00a0 \u00a0 \u00a0 \u00a0 \u00a0 \u00a0 \u00a0 \u00a0 \u00a0 \u00a0 \u00a0100 \u20ac<\/p>\n<p>&#8211; clarinette \u00a0 \u00a0 \u00a0 \u00a0 \u00a0 \u00a0 \u00a0 \u00a0 \u00a037 \u20ac \u00a0 \u00a0 \u00a0 \u00a0 \u00a0 \u00a0 \u00a0 \u00a0 \u00a0 \u00a0 \u00a0 \u00a0 \u00a0 \u00a0 \u00a0 \u00a0 \u00a0 \u00a0 \u00a0 \u00a0 \u00a0 \u00a0400 \u20ac<\/p>\n<p>&#8211; trompette \u00a0 \u00a0 \u00a0 \u00a0 \u00a0 \u00a0 \u00a0 \u00a0 37\u00a0\u20ac \u00a0 \u00a0 \u00a0 \u00a0 \u00a0 \u00a0 \u00a0 \u00a0 \u00a0 \u00a0 \u00a0 \u00a0 \u00a0 \u00a0 \u00a0 \u00a0 \u00a0 \u00a0 \u00a0 \u00a0 \u00a0 \u00a0700 \u20ac<\/p>\n<p>&#8211; fl\u00fbte traversi\u00e8re \u00a0 \u00a0 \u00a037 \u20ac \u00a0 \u00a0 \u00a0 \u00a0 \u00a0 \u00a0 \u00a0 \u00a0 \u00a0 \u00a0 \u00a0 \u00a0 \u00a0 \u00a0 \u00a0 \u00a0 \u00a0 \u00a0 \u00a0 \u00a0 \u00a0 \u00a0400 \u20ac<\/p>\n<p>&#8211; saxophone \u00a0 \u00a0 \u00a0 \u00a0 \u00a0 \u00a0 \u00a0 \u00a042 \u20ac \u00a0 \u00a0 \u00a0 \u00a0 \u00a0 \u00a0 \u00a0 \u00a0 \u00a0 \u00a0 \u00a0 \u00a0 \u00a0 \u00a0 \u00a0 \u00a0 \u00a0 \u00a0 \u00a0 \u00a0 \u00a0 \u00a0600 \u20ac<\/p>\n<p>&#8211; batterie \u00a0 \u00a0 \u00a0 \u00a0 \u00a0 \u00a0 \u00a0 \u00a0 \u00a0 \u00a0 20 \u20ac \u00a0 \u00a0 \u00a0 \u00a0 \u00a0 \u00a0 \u00a0 \u00a0 \u00a0 \u00a0 \u00a0 \u00a0 \u00a0 \u00a0 \u00a0 \u00a0 \u00a0 \u00a0 \u00a0 \u00a0 \u00a0 \u00a0 400 \u20ac<\/p>\n","protected":false},"excerpt":{"rendered":"<p>CONDITIONS &#8211; Adh\u00e9sion \u00e0 l&rsquo;Association Amadeus (10 \u20ac pour l&rsquo;ann\u00e9e 2021 &#8211; 2022). &#8211; Location au trimestre, trois trimestres par an\u00a0; les \u00e9l\u00e8ves gardant l\u2019instrument lou\u00e9 pendant les vacances scolaires. &#8211; Location accord\u00e9e contre remise d&rsquo;un ch\u00e8que de caution, \u00e0 renouveler \u00e0 chaque d\u00e9but de saison. Le ch\u00e8que n&rsquo;est pas encaiss\u00e9, sauf en cas de &hellip; <a href=\"https:\/\/amadeus82.fr\/index.php\/location-des-insturments\/\" class=\"more-link\">Continuer la lecture de <span class=\"screen-reader-text\">Location des instruments<\/span><\/a><\/p>\n","protected":false},"author":1,"featured_media":0,"parent":0,"menu_order":0,"comment_status":"closed","ping_status":"closed","template":"","meta":{"footnotes":""},"class_list":["post-98","page","type-page","status-publish","hentry"],"_links":{"self":[{"href":"https:\/\/amadeus82.fr\/index.php\/wp-json\/wp\/v2\/pages\/98","targetHints":{"allow":["GET"]}}],"collection":[{"href":"https:\/\/amadeus82.fr\/index.php\/wp-json\/wp\/v2\/pages"}],"about":[{"href":"https:\/\/amadeus82.fr\/index.php\/wp-json\/wp\/v2\/types\/page"}],"author":[{"embeddable":true,"href":"https:\/\/amadeus82.fr\/index.php\/wp-json\/wp\/v2\/users\/1"}],"replies":[{"embeddable":true,"href":"https:\/\/amadeus82.fr\/index.php\/wp-json\/wp\/v2\/comments?post=98"}],"version-history":[{"count":7,"href":"https:\/\/amadeus82.fr\/index.php\/wp-json\/wp\/v2\/pages\/98\/revisions"}],"predecessor-version":[{"id":933,"href":"https:\/\/amadeus82.fr\/index.php\/wp-json\/wp\/v2\/pages\/98\/revisions\/933"}],"wp:attachment":[{"href":"https:\/\/amadeus82.fr\/index.php\/wp-json\/wp\/v2\/media?parent=98"}],"curies":[{"name":"wp","href":"https:\/\/api.w.org\/{rel}","templated":true}]}}