{"id":1161,"date":"2024-05-10T16:03:38","date_gmt":"2024-05-10T14:03:38","guid":{"rendered":"http:\/\/amadeus82.fr\/?page_id=1161"},"modified":"2024-05-10T16:03:38","modified_gmt":"2024-05-10T14:03:38","slug":"groupe-scene-ouverte","status":"publish","type":"page","link":"https:\/\/amadeus82.fr\/index.php\/groupe-scene-ouverte\/","title":{"rendered":"Groupe Sc\u00e8ne Ouverte"},"content":{"rendered":"\n<h2 class=\"wp-block-heading\">Pr\u00e9sentation<\/h2>\n\n\n\n<p>En novembre 2016, \u00ab\u00a0Sc\u00e8ne ouverte\u00a0\u00bb a \u00e9t\u00e9 cr\u00e9\u00e9 par Maryse, \u00e9l\u00e8ve harpiste, pianiste et par ailleurs tr\u00e9sori\u00e8re de l&rsquo;association Amadeus, pour r\u00e9pondre au besoin ressenti par certains musiciens adultes de jouer ensemble de fa\u00e7on plus r\u00e9guli\u00e8re apr\u00e8s avoir go\u00fbt\u00e9 \u00e0 ce rare plaisir, une \u00e0 deux fois l&rsquo;an lors des auditions de piano.<\/p>\n\n\n\n<figure class=\"wp-block-image size-large\"><img loading=\"lazy\" decoding=\"async\" width=\"2560\" height=\"1920\" src=\"https:\/\/amadeus82.fr\/wp-content\/uploads\/2024\/05\/IMG_0199-edited-scaled.jpeg\" alt=\"Concert \u00e0 l'\u00e9glise de Grisolles, le 11 juin 2023\" class=\"wp-image-1166\" srcset=\"https:\/\/amadeus82.fr\/wp-content\/uploads\/2024\/05\/IMG_0199-edited-scaled.jpeg 2560w, https:\/\/amadeus82.fr\/wp-content\/uploads\/2024\/05\/IMG_0199-edited-300x225.jpeg 300w, https:\/\/amadeus82.fr\/wp-content\/uploads\/2024\/05\/IMG_0199-edited-1024x768.jpeg 1024w, https:\/\/amadeus82.fr\/wp-content\/uploads\/2024\/05\/IMG_0199-edited-768x576.jpeg 768w, https:\/\/amadeus82.fr\/wp-content\/uploads\/2024\/05\/IMG_0199-edited-1536x1152.jpeg 1536w, https:\/\/amadeus82.fr\/wp-content\/uploads\/2024\/05\/IMG_0199-edited-2048x1536.jpeg 2048w\" sizes=\"auto, (max-width: 2560px) 100vw, 2560px\" \/><figcaption class=\"wp-element-caption\">Concert \u00e0 l&rsquo;\u00e9glise de Grisolles, le 11 juin 2023<\/figcaption><\/figure>\n\n\n\n<h2 class=\"wp-block-heading\">Actualit\u00e9s<\/h2>\n\n\n\n<p>En 2024, le groupe s&rsquo;est \u00e9toff\u00e9 d&rsquo;une douzaine de musiciens avec au programme la \u00ab\u00a0musique de chambre\u00a0\u00bb; Nous nous produisons 2 \u00e0 3 fois par an dans les \u00e9glises du secteur.<\/p>\n\n\n<div class=\"wp-block-image\">\n<figure class=\"alignright\"><img loading=\"lazy\" decoding=\"async\" width=\"2560\" height=\"1920\" src=\"https:\/\/amadeus82.fr\/wp-content\/uploads\/2024\/05\/IMG_0718-edited-scaled.jpeg\" alt=\"Concert dans l'\u00e9glise de Pompignan, le 23 f\u00e9vrier 2024\" class=\"wp-image-1164\" srcset=\"https:\/\/amadeus82.fr\/wp-content\/uploads\/2024\/05\/IMG_0718-edited-scaled.jpeg 2560w, https:\/\/amadeus82.fr\/wp-content\/uploads\/2024\/05\/IMG_0718-edited-300x225.jpeg 300w, https:\/\/amadeus82.fr\/wp-content\/uploads\/2024\/05\/IMG_0718-edited-1024x768.jpeg 1024w, https:\/\/amadeus82.fr\/wp-content\/uploads\/2024\/05\/IMG_0718-edited-768x576.jpeg 768w, https:\/\/amadeus82.fr\/wp-content\/uploads\/2024\/05\/IMG_0718-edited-1536x1152.jpeg 1536w, https:\/\/amadeus82.fr\/wp-content\/uploads\/2024\/05\/IMG_0718-edited-2048x1536.jpeg 2048w\" sizes=\"auto, (max-width: 2560px) 100vw, 2560px\" \/><figcaption class=\"wp-element-caption\">Concert dans l&rsquo;\u00e9glise de Pompignan, le 23 f\u00e9vrier 2024<\/figcaption><\/figure>\n<\/div>\n\n\n<p>Exceptionnellement, le samedi 1er Juin 2024, nous nous ferons plaisir en jouant dans la salle de spectacle \u00ab\u00a0La N\u00e9grette\u00a0\u00bb \u00e0 Labastide Saint-Pierre. ce sera l&rsquo;occasion d&rsquo;int\u00e9grer quelques jeunes musiciens de l&rsquo;\u00e9cole de musique qui d\u00e9couvriront la sc\u00e8ne.<\/p>\n","protected":false},"excerpt":{"rendered":"<p>Pr\u00e9sentation En novembre 2016, \u00ab\u00a0Sc\u00e8ne ouverte\u00a0\u00bb a \u00e9t\u00e9 cr\u00e9\u00e9 par Maryse, \u00e9l\u00e8ve harpiste, pianiste et par ailleurs tr\u00e9sori\u00e8re de l&rsquo;association Amadeus, pour r\u00e9pondre au besoin ressenti par certains musiciens adultes de jouer ensemble de fa\u00e7on plus r\u00e9guli\u00e8re apr\u00e8s avoir go\u00fbt\u00e9 \u00e0 ce rare plaisir, une \u00e0 deux fois l&rsquo;an lors des auditions de piano. Actualit\u00e9s &hellip; <a href=\"https:\/\/amadeus82.fr\/index.php\/groupe-scene-ouverte\/\" class=\"more-link\">Continuer la lecture de <span class=\"screen-reader-text\">Groupe Sc\u00e8ne Ouverte<\/span><\/a><\/p>\n","protected":false},"author":1,"featured_media":0,"parent":0,"menu_order":0,"comment_status":"closed","ping_status":"closed","template":"","meta":{"footnotes":""},"class_list":["post-1161","page","type-page","status-publish","hentry"],"_links":{"self":[{"href":"https:\/\/amadeus82.fr\/index.php\/wp-json\/wp\/v2\/pages\/1161","targetHints":{"allow":["GET"]}}],"collection":[{"href":"https:\/\/amadeus82.fr\/index.php\/wp-json\/wp\/v2\/pages"}],"about":[{"href":"https:\/\/amadeus82.fr\/index.php\/wp-json\/wp\/v2\/types\/page"}],"author":[{"embeddable":true,"href":"https:\/\/amadeus82.fr\/index.php\/wp-json\/wp\/v2\/users\/1"}],"replies":[{"embeddable":true,"href":"https:\/\/amadeus82.fr\/index.php\/wp-json\/wp\/v2\/comments?post=1161"}],"version-history":[{"count":2,"href":"https:\/\/amadeus82.fr\/index.php\/wp-json\/wp\/v2\/pages\/1161\/revisions"}],"predecessor-version":[{"id":1167,"href":"https:\/\/amadeus82.fr\/index.php\/wp-json\/wp\/v2\/pages\/1161\/revisions\/1167"}],"wp:attachment":[{"href":"https:\/\/amadeus82.fr\/index.php\/wp-json\/wp\/v2\/media?parent=1161"}],"curies":[{"name":"wp","href":"https:\/\/api.w.org\/{rel}","templated":true}]}}