{"id":112,"date":"2017-03-13T22:27:55","date_gmt":"2017-03-13T21:27:55","guid":{"rendered":"http:\/\/amadeus82.fr\/?page_id=112"},"modified":"2021-01-27T15:58:18","modified_gmt":"2021-01-27T14:58:18","slug":"statuts","status":"publish","type":"page","link":"https:\/\/amadeus82.fr\/index.php\/statuts\/","title":{"rendered":"Statuts"},"content":{"rendered":"<p style=\"text-align: center;\"><strong>ASSOCIATION AMADEUS<\/strong><\/p>\n<p style=\"text-align: center;\"><strong>STATUTS<\/strong><\/p>\n<p style=\"text-align: center;\"><strong>modifi\u00e9s lors de l&rsquo;Assembl\u00e9e G\u00e9n\u00e9rale Extraordinaire<\/strong><\/p>\n<p style=\"text-align: center;\"><strong>du 16 \/01\/2021<\/strong><\/p>\n<p><strong>\u00a0<\/strong><\/p>\n<p><strong><em>Pr\u00e9ambule\u00a0<\/em><\/strong><strong>:<\/strong><\/p>\n<p>L\u2019association Amadeus a \u00e9t\u00e9 cr\u00e9\u00e9e en 1996 pour soutenir l\u2019action de l\u2019Ecole Municipale de Grisolles.<\/p>\n<p>La CCTGV, Communaut\u00e9 du Terroir de Grisolles et Villebrumier, cr\u00e9\u00e9e en 1999, regroupe depuis le 1<sup>er<\/sup> janvier 2014, treize communes situ\u00e9es dans le Sud du Tarn-et-Garonne. Depuis le 1<sup>er<\/sup> septembre 2015, l&rsquo;Ecole Municipale de Grisolles est devenue Intercommunale par d\u00e9cision de l&rsquo;Assembl\u00e9e Communautaire de la CCTGV.<\/p>\n<p>Au 1<sup>er<\/sup> janvier 2017, la CCTGV a fusionn\u00e9 avec les communaut\u00e9s de communes de Garonne et Canal, Montech, et les Pays de Garonne et Gascogne, Verdun-sur-Garonne, pour cr\u00e9er la communaut\u00e9 de communes Grand Sud Tarn-et-Garonne (GSTG) dont le si\u00e8ge social est \u00e0 Labastide Saint-Pierre.<\/p>\n<p><strong>\u00a0<\/strong><\/p>\n<p><strong><em>Article 1<sup>er\u00a0<\/sup><\/em><\/strong><strong>:<\/strong><\/p>\n<p>Il est fond\u00e9 entre les adh\u00e9rents aux pr\u00e9sents statuts une association r\u00e9gie par la loi du 1<sup>er<\/sup> juillet 1901 et le d\u00e9cret du 16 Ao\u00fbt 1901 ayant pour titre \u00ab\u00a0AMADEUS, amis de l\u2019Ecole Intercommunale de Musique\u00a0\u00bb.<\/p>\n<p>\u00a0<\/p>\n<p style=\"text-align: center;\"><strong>OBJET \u2013 DUREE \u2013 SIEGE SOCIAL<\/strong><\/p>\n<p><strong>\u00a0<\/strong><strong><em>Article 2\u00a0<\/em><\/strong><strong>:<\/strong><\/p>\n<p>Cette association a pour objet\u00a0:<\/p>\n<ul>\n<li>de faciliter la location ou l\u2019acquisition par les familles des \u00e9l\u00e8ves des instruments de musique,<\/li>\n<li>de favoriser les pratiques musicales\u00a0: ateliers, orchestres, achat de partitions\u2026,<\/li>\n<li>de contribuer \u00e0 l\u2019\u00e9panouissement artistique des \u00e9l\u00e8ves par des sorties culturelles\u00a0: concerts, conf\u00e9rences, projections\u2026,<\/li>\n<li>de faire conna\u00eetre les activit\u00e9s et contribuer au rayonnement de l\u2019Ecole Intercommunale de Musique.<\/li>\n<li>de repr\u00e9senter les El\u00e8ves et Parents d&rsquo;\u00e9l\u00e8ves aupr\u00e8s de la Direction de l&rsquo;Ecole Intercommunale de Musique afin de r\u00e9pondre aux interrogations collectives et d&rsquo;\u00eatre un interlocuteur reconnu de la Communaut\u00e9 de Commune.<\/li>\n<\/ul>\n<p>\u00a0<\/p>\n<p><strong><em>Article 3<\/em><\/strong><strong>\u00a0:<\/strong><\/p>\n<p>La dur\u00e9e de l\u2019association est illimit\u00e9e.<\/p>\n<p><strong>\u00a0<\/strong><\/p>\n<p><strong><em>Article 4<\/em><\/strong><strong>\u00a0:<\/strong><\/p>\n<p>Le si\u00e8ge social de l\u2019Association est fix\u00e9 au si\u00e8ge de l\u2019Ecole Intercommunale de Musique, 20 rue Antoine de Larroque \u00e0 Grisolles. Il pourra \u00eatre transf\u00e9r\u00e9 sur simple d\u00e9cision du Conseil d\u2019Administration.<\/p>\n<p>\u00a0<\/p>\n<p style=\"text-align: center;\"><strong>MEMBRES<\/strong><\/p>\n<p><strong><em>Article 5<\/em><\/strong><strong>\u00a0:<\/strong><\/p>\n<p>Cette association est ouverte \u00e0 tous sans discrimination d\u2019aucune sorte.<\/p>\n<p>Sont membres de l&rsquo;Association les personnes, jouissant de leurs droits civils, qui adh\u00e8rent aux pr\u00e9sents statuts et sont \u00e0 jour de leur cotisation annuelle. Les mineurs doivent fournir une autorisation des parents ou de leurs tuteurs.<\/p>\n<p>Sont \u00e9galement membres de l\u2019association:<\/p>\n<ul>\n<li>les membres de droit\u00a0: le Pr\u00e9sident de la GSTG ou son repr\u00e9sentant, le charg\u00e9 de la Commission Culture de la GSTG, deux repr\u00e9sentants des collectivit\u00e9s locales,<\/li>\n<li>les membres bienfaiteurs,<\/li>\n<li>les personnes, pr\u00e9sent\u00e9es et coopt\u00e9es par le Conseil d\u2019Administration, ayant rendu des services \u00e0 l\u2019Association.<\/li>\n<\/ul>\n<p>\u00a0<\/p>\n<p><strong><em>Article 6<\/em><\/strong><strong>\u00a0:<\/strong><\/p>\n<p>La qualit\u00e9 de membre se perd par\u00a0:<\/p>\n<ul>\n<li>la d\u00e9mission,<\/li>\n<li>le non-paiement de la cotisation annuelle,<\/li>\n<li>le d\u00e9c\u00e8s,<\/li>\n<li>la radiation, prononc\u00e9e par le Conseil d&rsquo;Administration, pour non-conformit\u00e9 au r\u00e8glement int\u00e9rieur.<\/li>\n<\/ul>\n<p>\u00a0<\/p>\n<p style=\"text-align: center;\"><strong>ASSEMBLEE GENERALE<\/strong><\/p>\n<p><strong><em>Article 7\u00a0<\/em><\/strong><strong>:<\/strong><\/p>\n<p>L\u2019Assembl\u00e9e G\u00e9n\u00e9rale Ordinaire, compos\u00e9e des membres de l\u2019Association, a lieu au moins une fois par an. Quinze jours au moins avant la date fix\u00e9e, les membres sont convoqu\u00e9s par les soins du secr\u00e9taire par lettre simple ou courriel.<\/p>\n<p>L\u2019ordre du jour, fix\u00e9 par le Pr\u00e9sident, est indiqu\u00e9 sur les convocations.<\/p>\n<p>Les adh\u00e9rents peuvent se faire repr\u00e9senter. Un membre pr\u00e9sent ne peut disposer de plus de deux pouvoirs.<\/p>\n<p>L\u2019Assembl\u00e9e G\u00e9n\u00e9rale ordinaire ne peut valablement d\u00e9lib\u00e9rer qu\u2019en pr\u00e9sence au moins d\u2019un tiers des membres pr\u00e9sents ou repr\u00e9sent\u00e9s. Si le quorum n\u2019est pas atteint, une seconde Assembl\u00e9e G\u00e9n\u00e9rale est convoqu\u00e9e par le Pr\u00e9sident dans les huit jours et d\u00e9lib\u00e8re quel que soit le nombre de pr\u00e9sents ou repr\u00e9sent\u00e9s.<\/p>\n<p>Le Pr\u00e9sident, assist\u00e9 des membres du Conseil d\u2019Administration, pr\u00e9side l\u2019Assembl\u00e9e G\u00e9n\u00e9rale et expose la situation morale de l\u2019Association. Il soumet le rapport moral \u00e0 l\u2019approbation de l\u2019Assembl\u00e9e.<\/p>\n<p>Le Tr\u00e9sorier rend compte de sa gestion et soumet le bilan \u00e0 l\u2019approbation de l\u2019Assembl\u00e9e.<\/p>\n<p>Il est proc\u00e9d\u00e9, apr\u00e8s \u00e9puisement de l\u2019ordre du jour, au remplacement des membres du Conseil.<\/p>\n<p>Les membres sortants sont r\u00e9\u00e9ligibles.<\/p>\n<p>\u00a0<\/p>\n<p><strong><em>Article 8\u00a0<\/em><\/strong><strong>:<\/strong><\/p>\n<p>Si besoin est, ou sur demande d\u2019au moins 10% des membres de l\u2019Association, le Pr\u00e9sident doit convoquer une Assembl\u00e9e G\u00e9n\u00e9rale Extraordinaire suivant les formalit\u00e9s pr\u00e9vues \u00e0 l\u2019article 7.<\/p>\n<p>Les membres demandeurs peuvent exiger l\u2019inscription de questions de leur choix \u00e0 l\u2019ordre du jour.<\/p>\n<p>\u00a0<\/p>\n<p><strong><em>Article 9\u00a0<\/em><\/strong><strong>:<\/strong><\/p>\n<p>L&rsquo;Assembl\u00e9e d\u00e9lib\u00e8re sur les orientations \u00e0 venir et se prononce sur le budget correspondant.<\/p>\n<p>Elle pourvoit \u00e0 la nomination et au renouvellement des membres du Conseil d&rsquo;Administration.<\/p>\n<p>Elle se prononce sur le montant de la cotisation annuelle et les divers tarifs d&rsquo;activit\u00e9.<\/p>\n<p>Les d\u00e9cisions de l&rsquo;Assembl\u00e9e sont prises \u00e0 la majorit\u00e9 simple des membres pr\u00e9sents ou repr\u00e9sent\u00e9s. En cas de partage, la voix du pr\u00e9sident est pr\u00e9pond\u00e9rante.<\/p>\n<p>Les votes se font \u00e0 main lev\u00e9e sauf si deux membres au moins demandent de fa\u00e7on explicite un vote \u00e0 bulletin secret.<\/p>\n<p>Les mineurs adh\u00e9rents peuvent voter \u00e0 partir de 16 ans. Ils peuvent \u00eatre \u00e9lus au Conseil d\u2019Administration. Ils ne peuvent pas exercer les fonctions de pr\u00e9sident, de tr\u00e9sorier ou de secr\u00e9taire g\u00e9n\u00e9ral qui impliquent la mise en jeu de la responsabilit\u00e9 civile de personnes majeures.<\/p>\n<p>Les d\u00e9cisions prises obligent tous les adh\u00e9rents.<\/p>\n<p>Il est tenu proc\u00e8s verbal, consign\u00e9 dans un registre sp\u00e9cial, des d\u00e9lib\u00e9rations et des r\u00e9solutions prises, sign\u00e9 par le Pr\u00e9sident et le Secr\u00e9taire.<\/p>\n<p>\u00a0<\/p>\n<p style=\"text-align: center;\"><strong>CONSEIL D\u2019ADMINISTRATION<\/strong><\/p>\n<p><strong><em>Article 10<\/em><\/strong><strong>\u00a0:<\/strong><\/p>\n<p>L\u2019association est administr\u00e9e par un Conseil d\u2019Administration compos\u00e9 de treize membres au maximum. La Direction de l&rsquo;\u00e9cole et un professeur participent au Conseil d&rsquo;Administration en temps qu&rsquo;invit\u00e9s.<\/p>\n<p>Ils sont \u00e9lus par l\u2019Assembl\u00e9e G\u00e9n\u00e9rale.<\/p>\n<p>Les membres sortants sont r\u00e9\u00e9ligibles.<\/p>\n<p>\u00a0<\/p>\n<p><strong><em>Article 11<\/em><\/strong><strong>\u00a0:<\/strong><\/p>\n<p>Le Conseil d\u2019Administration choisit parmi ses membres un bureau compos\u00e9 de:<\/p>\n<ul>\n<li>un pr\u00e9sident,<\/li>\n<li>un ou plusieurs vice-pr\u00e9sidents,<\/li>\n<li>un tr\u00e9sorier et, si besoin est, un tr\u00e9sorier adjoint,<\/li>\n<li>un secr\u00e9taire et, si besoin est, un secr\u00e9taire adjoint.<\/li>\n<\/ul>\n<p>Les votes se font \u00e0 main lev\u00e9e sauf si deux membres au moins demandent de fa\u00e7on explicite un vote \u00e0 bulletin secret.<\/p>\n<p><strong><em>\u00a0<\/em><\/strong><\/p>\n<p><strong><em>Article 12\u00a0<\/em><\/strong><strong>:<\/strong><\/p>\n<p>Le Conseil d\u2019Administration se r\u00e9unit au moins une fois par trimestre et chaque fois qu\u2019il est convoqu\u00e9 par son pr\u00e9sident ou sur demande d\u2019un quart de ses membres.<\/p>\n<p>Le vote par procuration (un seul pouvoir par membre pr\u00e9sent) est autoris\u00e9.<\/p>\n<p>La pr\u00e9sence ou la repr\u00e9sentation de la moiti\u00e9 au moins de ses membres est n\u00e9cessaire pour que le Conseil d&rsquo;Administration puisse d\u00e9lib\u00e9rer valablement.<\/p>\n<p>Les d\u00e9cisions sont prises \u00e0 la majorit\u00e9 des voix des pr\u00e9sents. En cas de partage, la voix du pr\u00e9sident est pr\u00e9pond\u00e9rante.<\/p>\n<p>Il est tenu proc\u00e8s verbal, consign\u00e9 dans un registre sp\u00e9cial, des r\u00e9unions et des d\u00e9cisions arr\u00eat\u00e9es, sign\u00e9 par le Pr\u00e9sident et le Secr\u00e9taire.<\/p>\n<p><strong><em>\u00a0<\/em><\/strong><\/p>\n<p><strong><em>Article 13\u00a0<\/em><\/strong><strong>:<\/strong><\/p>\n<p>Le Conseil d&rsquo;Administration a pour objet de mettre en \u0153uvre les d\u00e9cisions de l&rsquo;Assembl\u00e9e G\u00e9n\u00e9rale, d&rsquo;organiser et d&rsquo;animer la vie de l&rsquo;Association, dans le cadre fix\u00e9 par les statuts.<\/p>\n<p>Il fixe le montant de la cotisation annuelle et les divers tarifs d&rsquo;activit\u00e9.<\/p>\n<p>Il arr\u00eate le budget et contr\u00f4le son ex\u00e9cution.<\/p>\n<p>Il arr\u00eate les comptes de l\u2019exercice clos.<\/p>\n<p>Il \u00e9tablit le r\u00e8glement int\u00e9rieur.<\/p>\n<p>Il g\u00e8re le parc des instruments qui sont en possession de l\u2019association.<\/p>\n<p>Il examine et admet \u00e9ventuellement en tant que membre les personnes ayant rendu des services \u00e0 l\u2019Association.<\/p>\n<p>Il prononce l\u2019exclusion des membres.<\/p>\n<p>Lui seul peut donner au Pr\u00e9sident pouvoir de signature d\u2019un quelconque contrat engageant l\u2019association.<\/p>\n<p>Il peut intenter toute action en justice pour la d\u00e9fense des int\u00e9r\u00eats de l\u2019association, consentir toutes transactions et former tous recours.<\/p>\n<p>Il autorise les actes et engagements d\u00e9passant le cadre des pouvoirs propres du Pr\u00e9sident.<\/p>\n<p>Il peut effectuer tous emprunts.<\/p>\n<p><strong>\u00a0<\/strong><\/p>\n<p style=\"text-align: center;\"><strong>RESSOURCES<\/strong><\/p>\n<p><strong>\u00a0<\/strong><strong><em>Article 14<\/em><\/strong><strong>\u00a0:<\/strong><\/p>\n<p>Les ressources de l\u2019association sont constitu\u00e9es par\u00a0:<\/p>\n<ul>\n<li>les cotisations de ses membres,<\/li>\n<li>la location des instruments,<\/li>\n<li>la vente des instruments qu\u2019elle poss\u00e8de,<\/li>\n<li>le produit des concerts ou autres activit\u00e9s que l\u2019association pourrait organiser,<\/li>\n<li>les subventions, dons et legs qui pourraient lui \u00eatre accord\u00e9s.<\/li>\n<\/ul>\n<p>\u00a0<\/p>\n<p><strong><em>Article 15\u00a0<\/em><\/strong><strong>:<\/strong><\/p>\n<p>Les membres du Conseil d\u2019Administration de l\u2019Association ne peuvent recevoir de r\u00e9tribution en raison des fonctions qui leurs sont confi\u00e9es.<\/p>\n<p>\u00a0<\/p>\n<p style=\"text-align: center;\"><strong>DISSOLUTION<\/strong><\/p>\n<p><strong><em>Article 16\u00a0<\/em><\/strong><strong>:<\/strong><\/p>\n<p>La dissolution de l\u2019Association ne peut \u00eatre prononc\u00e9e que par l\u2019Assembl\u00e9e G\u00e9n\u00e9rale convoqu\u00e9e sp\u00e9cialement \u00e0 cet effet. En cas de dissolution, l\u2019Assembl\u00e9e G\u00e9n\u00e9rale attribue l\u2019actif net \u00e0 une \u0153uvre de bienfaisance ou \u00e0 vocation artistique.<\/p>\n<p>\u00a0<\/p>\n<p>Tous les changements intervenus dans l\u2019administration de l\u2019Association doivent faire l\u2019objet d\u2019une d\u00e9claration \u00e0 la Pr\u00e9fecture de Tarn-et-Garonne.<\/p>\n<p>\u00a0<\/p>\n<p>\u00a0<\/p>\n<p>Fait \u00e0 Grisolles, le 16 janvier 2021<\/p>\n<p>Le Pr\u00e9sident d\u2019Amadeus<\/p>\n<p>Jean-Louis FRAYSSE<\/p>\n\n\n<p><\/p>\n","protected":false},"excerpt":{"rendered":"<p>ASSOCIATION AMADEUS STATUTS modifi\u00e9s lors de l&rsquo;Assembl\u00e9e G\u00e9n\u00e9rale Extraordinaire du 16 \/01\/2021 \u00a0 Pr\u00e9ambule\u00a0: L\u2019association Amadeus a \u00e9t\u00e9 cr\u00e9\u00e9e en 1996 pour soutenir l\u2019action de l\u2019Ecole Municipale de Grisolles. La CCTGV, Communaut\u00e9 du Terroir de Grisolles et Villebrumier, cr\u00e9\u00e9e en 1999, regroupe depuis le 1er janvier 2014, treize communes situ\u00e9es dans le Sud du Tarn-et-Garonne. &hellip; <a href=\"https:\/\/amadeus82.fr\/index.php\/statuts\/\" class=\"more-link\">Continuer la lecture de <span class=\"screen-reader-text\">Statuts<\/span><\/a><\/p>\n","protected":false},"author":1,"featured_media":0,"parent":0,"menu_order":0,"comment_status":"closed","ping_status":"closed","template":"","meta":{"footnotes":""},"class_list":["post-112","page","type-page","status-publish","hentry"],"_links":{"self":[{"href":"https:\/\/amadeus82.fr\/index.php\/wp-json\/wp\/v2\/pages\/112","targetHints":{"allow":["GET"]}}],"collection":[{"href":"https:\/\/amadeus82.fr\/index.php\/wp-json\/wp\/v2\/pages"}],"about":[{"href":"https:\/\/amadeus82.fr\/index.php\/wp-json\/wp\/v2\/types\/page"}],"author":[{"embeddable":true,"href":"https:\/\/amadeus82.fr\/index.php\/wp-json\/wp\/v2\/users\/1"}],"replies":[{"embeddable":true,"href":"https:\/\/amadeus82.fr\/index.php\/wp-json\/wp\/v2\/comments?post=112"}],"version-history":[{"count":3,"href":"https:\/\/amadeus82.fr\/index.php\/wp-json\/wp\/v2\/pages\/112\/revisions"}],"predecessor-version":[{"id":931,"href":"https:\/\/amadeus82.fr\/index.php\/wp-json\/wp\/v2\/pages\/112\/revisions\/931"}],"wp:attachment":[{"href":"https:\/\/amadeus82.fr\/index.php\/wp-json\/wp\/v2\/media?parent=112"}],"curies":[{"name":"wp","href":"https:\/\/api.w.org\/{rel}","templated":true}]}}