{"id":102,"date":"2017-03-13T22:18:09","date_gmt":"2017-03-13T21:18:09","guid":{"rendered":"http:\/\/amadeus82.fr\/?page_id=102"},"modified":"2024-02-27T16:28:16","modified_gmt":"2024-02-27T15:28:16","slug":"essai","status":"publish","type":"page","link":"https:\/\/amadeus82.fr\/index.php\/essai\/","title":{"rendered":"Et si nous jouions ensemble ?"},"content":{"rendered":"<p><strong>\u00a0 \u00a0 \u00a0Activit\u00e9s tout au\u00a0long\u00a0de l&rsquo;ann\u00e9e scolaire 2021-2022\u00a0<\/strong><strong>:<\/strong><\/p>\n<ul>\n<li>R\u00e9p\u00e9tition de Musique actuelle Herv\u00e9 MANDICOURT<\/li>\n<li>Musique de Chambre , Joao SCHNIER<\/li>\n<li>R\u00e9p\u00e9tition de Band de Jazz Fr\u00e9d\u00e9ric COUSTOU<\/li>\n<li>R\u00e9p\u00e9tition du JOG Fr\u00e9d\u00e9ric COUSTOU<\/li>\n<li>Atelier de Musique d&rsquo;Ensemble J\u00e9r\u00e9my CHENU<\/li>\n<li>Heures Harmonie Junior, Claude LEGRAND<\/li>\n<\/ul>\n<p><strong>\u00a0 \u00a0 \u00a0Sites de t\u00e9l\u00e9chargement gratuit de partitions de musique<\/strong><\/p>\n<ul>\n<li><strong>Free-scores.com<\/strong>:<strong>\u00a0<\/strong><span style=\"color: #3366ff;\"><a style=\"color: #3366ff;\" href=\"http:\/\/www.free-scores.com\/partitions_libres.php\">http:\/\/www.free-scores.com\/partitions_libres.php<\/a><\/span><\/li>\n<li><strong>IMSLP Petrucci Music Library:\u00a0<\/strong><span style=\"color: #3366ff;\"><a style=\"color: #3366ff;\" href=\"http:\/\/imslp.org\/wiki\/Accueil\">http:\/\/imslp.org\/wiki\/Accueil<\/a><\/span><\/li>\n<li><strong>Mutopia:<\/strong>\u00a0<span style=\"color: #3366ff;\"><a style=\"color: #3366ff;\" href=\"http:\/\/www.mutopiaproject.org\">http:\/\/www.mutopiaproject.org<\/a><\/span><\/li>\n<li><strong>Sheet Music Archive:<\/strong>\u00a0<span style=\"color: #3366ff;\"><a style=\"color: #3366ff;\" href=\"http:\/\/www.sheetmusicarchive.net\">http:\/\/www.sheetmusicarchive.net<\/a><\/span><\/li>\n<li><strong>Musopen:<\/strong>\u00a0<span style=\"color: #3366ff;\"><a style=\"color: #3366ff;\" href=\"https:\/\/musopen.org\">https:\/\/musopen.org<\/a><\/span><\/li>\n<li><strong>A la partition gratuite:<\/strong>\u00a0<span style=\"color: #3366ff;\"><a style=\"color: #3366ff;\" href=\"http:\/\/www.a-la-partition-gratuite.com\/partitions-piano-classique.html\">http:\/\/www.a-la-partition-gratuite.com\/partitions-piano-classique.html<\/a><\/span><\/li>\n<\/ul>\n","protected":false},"excerpt":{"rendered":"<p>\u00a0 \u00a0 \u00a0Activit\u00e9s tout au\u00a0long\u00a0de l&rsquo;ann\u00e9e scolaire 2021-2022\u00a0: R\u00e9p\u00e9tition de Musique actuelle Herv\u00e9 MANDICOURT Musique de Chambre , Joao SCHNIER R\u00e9p\u00e9tition de Band de Jazz Fr\u00e9d\u00e9ric COUSTOU R\u00e9p\u00e9tition du JOG Fr\u00e9d\u00e9ric COUSTOU Atelier de Musique d&rsquo;Ensemble J\u00e9r\u00e9my CHENU Heures Harmonie Junior, Claude LEGRAND \u00a0 \u00a0 \u00a0Sites de t\u00e9l\u00e9chargement gratuit de partitions de musique Free-scores.com:\u00a0http:\/\/www.free-scores.com\/partitions_libres.php IMSLP &hellip; <a href=\"https:\/\/amadeus82.fr\/index.php\/essai\/\" class=\"more-link\">Continuer la lecture de <span class=\"screen-reader-text\">Et si nous jouions ensemble ?<\/span><\/a><\/p>\n","protected":false},"author":1,"featured_media":0,"parent":0,"menu_order":0,"comment_status":"closed","ping_status":"closed","template":"","meta":{"footnotes":""},"class_list":["post-102","page","type-page","status-publish","hentry"],"_links":{"self":[{"href":"https:\/\/amadeus82.fr\/index.php\/wp-json\/wp\/v2\/pages\/102","targetHints":{"allow":["GET"]}}],"collection":[{"href":"https:\/\/amadeus82.fr\/index.php\/wp-json\/wp\/v2\/pages"}],"about":[{"href":"https:\/\/amadeus82.fr\/index.php\/wp-json\/wp\/v2\/types\/page"}],"author":[{"embeddable":true,"href":"https:\/\/amadeus82.fr\/index.php\/wp-json\/wp\/v2\/users\/1"}],"replies":[{"embeddable":true,"href":"https:\/\/amadeus82.fr\/index.php\/wp-json\/wp\/v2\/comments?post=102"}],"version-history":[{"count":21,"href":"https:\/\/amadeus82.fr\/index.php\/wp-json\/wp\/v2\/pages\/102\/revisions"}],"predecessor-version":[{"id":1158,"href":"https:\/\/amadeus82.fr\/index.php\/wp-json\/wp\/v2\/pages\/102\/revisions\/1158"}],"wp:attachment":[{"href":"https:\/\/amadeus82.fr\/index.php\/wp-json\/wp\/v2\/media?parent=102"}],"curies":[{"name":"wp","href":"https:\/\/api.w.org\/{rel}","templated":true}]}}